{"id":6018,"date":"2025-05-20T15:57:55","date_gmt":"2025-05-20T12:57:55","guid":{"rendered":"https:\/\/allalci.com\/hakkimizda\/"},"modified":"2026-03-17T11:21:17","modified_gmt":"2026-03-17T08:21:17","slug":"about-us","status":"publish","type":"page","link":"https:\/\/allalci.com\/en\/about-us\/","title":{"rendered":"About Us"},"content":{"rendered":"<p>&#8220;In 2004, we made a strong entry into the construction materials sector with our first factory established in Batman. Starting with a capacity of 300.000 tons\/year, this journey has continuously expanded our production capacity, product diversity, and sphere of influence over the years.<\/p>\n<p>We began exporting abroad shortly thereafter and then laid the foundations for our second factory in Ankara. In 2007, our Ankara facility began production, further increasing our capacity. In Batman, we continued our investments in gypsum board, profiles, construction chemicals, PVC, and concrete additives.<\/p>\n<p>We didn&#8217;t just produce; we documented our quality. In 2015, we made history in the construction sector by earning the \u201cTSE Star Certificate.\u201d That same year, we strengthened our strong position in the sector by commissioning our Ankara Plaster Board Plant.<\/p>\n<p>We began producing raw materials at our own mining sites. This allowed us to control our supply chain and guarantee our sustainable production capacity. In 2020, we consolidated our affiliated companies under the umbrella of All Al\u00e7\u0131 San. Tic. A.\u015e., achieving a leaner, stronger, and more focused structure.&#8221;<\/p>\n","protected":false},"excerpt":{"rendered":"<p>&#8220;In 2004, we made a strong entry into the construction materials sector with our first factory established in Batman. Starting with a capacity of 300.000 tons\/year, this journey has continuously expanded our production capacity, product diversity, and sphere of influence over the years. We began exporting abroad shortly thereafter and then laid the foundations for [&hellip;]<\/p>\n","protected":false},"author":1,"featured_media":82,"parent":0,"menu_order":0,"comment_status":"closed","ping_status":"closed","template":"aboutus.php","meta":{"footnotes":""},"class_list":["post-6018","page","type-page","status-publish","has-post-thumbnail","hentry"],"yoast_head":"<!-- This site is optimized with the Yoast SEO plugin v27.2 - https:\/\/yoast.com\/product\/yoast-seo-wordpress\/ -->\n<title>About Us - All Al\u00e7\u0131<\/title>\n<meta name=\"description\" content=\"&quot;In 2004, we made a strong entry into the construction materials sector with our first factory established in Batman. Starting with a capacity of 300.000\" \/>\n<meta name=\"robots\" content=\"index, follow, max-snippet:-1, max-image-preview:large, max-video-preview:-1\" \/>\n<link rel=\"canonical\" href=\"https:\/\/allalci.com\/en\/about-us\/\" \/>\n<meta property=\"og:locale\" content=\"en_US\" \/>\n<meta property=\"og:type\" content=\"article\" \/>\n<meta property=\"og:title\" content=\"About Us - All Al\u00e7\u0131\" \/>\n<meta property=\"og:description\" content=\"&quot;In 2004, we made a strong entry into the construction materials sector with our first factory established in Batman. Starting with a capacity of 300.000\" \/>\n<meta property=\"og:url\" content=\"https:\/\/allalci.com\/en\/about-us\/\" \/>\n<meta property=\"og:site_name\" content=\"All Al\u00e7\u0131\" \/>\n<meta property=\"article:modified_time\" content=\"2026-03-17T08:21:17+00:00\" \/>\n<meta property=\"og:image\" content=\"https:\/\/allalci.com\/wp-content\/uploads\/2025\/05\/haber-01.png\" \/>\n\t<meta property=\"og:image:width\" content=\"702\" \/>\n\t<meta property=\"og:image:height\" content=\"707\" \/>\n\t<meta property=\"og:image:type\" content=\"image\/png\" \/>\n<meta name=\"twitter:card\" content=\"summary_large_image\" \/>\n<meta name=\"twitter:label1\" content=\"Est. reading time\" \/>\n\t<meta name=\"twitter:data1\" content=\"2 minutes\" \/>\n<script type=\"application\/ld+json\" class=\"yoast-schema-graph\">{\"@context\":\"https:\/\/schema.org\",\"@graph\":[{\"@type\":\"WebPage\",\"@id\":\"https:\/\/allalci.com\/en\/about-us\/\",\"url\":\"https:\/\/allalci.com\/en\/about-us\/\",\"name\":\"About Us - All Al\u00e7\u0131\",\"isPartOf\":{\"@id\":\"https:\/\/allalci.com\/en\/#website\"},\"primaryImageOfPage\":{\"@id\":\"https:\/\/allalci.com\/en\/about-us\/#primaryimage\"},\"image\":{\"@id\":\"https:\/\/allalci.com\/en\/about-us\/#primaryimage\"},\"thumbnailUrl\":\"https:\/\/allalci.com\/wp-content\/uploads\/2025\/05\/haber-01.png\",\"datePublished\":\"2025-05-20T12:57:55+00:00\",\"dateModified\":\"2026-03-17T08:21:17+00:00\",\"description\":\"\\\"In 2004, we made a strong entry into the construction materials sector with our first factory established in Batman. Starting with a capacity of 300.000\",\"breadcrumb\":{\"@id\":\"https:\/\/allalci.com\/en\/about-us\/#breadcrumb\"},\"inLanguage\":\"en-US\",\"potentialAction\":[{\"@type\":\"ReadAction\",\"target\":[\"https:\/\/allalci.com\/en\/about-us\/\"]}]},{\"@type\":\"ImageObject\",\"inLanguage\":\"en-US\",\"@id\":\"https:\/\/allalci.com\/en\/about-us\/#primaryimage\",\"url\":\"https:\/\/allalci.com\/wp-content\/uploads\/2025\/05\/haber-01.png\",\"contentUrl\":\"https:\/\/allalci.com\/wp-content\/uploads\/2025\/05\/haber-01.png\",\"width\":702,\"height\":707},{\"@type\":\"BreadcrumbList\",\"@id\":\"https:\/\/allalci.com\/en\/about-us\/#breadcrumb\",\"itemListElement\":[{\"@type\":\"ListItem\",\"position\":1,\"name\":\"Anasayfa\",\"item\":\"https:\/\/allalci.com\/en\/\"},{\"@type\":\"ListItem\",\"position\":2,\"name\":\"About Us\"}]},{\"@type\":\"WebSite\",\"@id\":\"https:\/\/allalci.com\/en\/#website\",\"url\":\"https:\/\/allalci.com\/en\/\",\"name\":\"All Al\u00e7\u0131\",\"description\":\"\",\"publisher\":{\"@id\":\"https:\/\/allalci.com\/en\/#organization\"},\"potentialAction\":[{\"@type\":\"SearchAction\",\"target\":{\"@type\":\"EntryPoint\",\"urlTemplate\":\"https:\/\/allalci.com\/en\/?s={search_term_string}\"},\"query-input\":{\"@type\":\"PropertyValueSpecification\",\"valueRequired\":true,\"valueName\":\"search_term_string\"}}],\"inLanguage\":\"en-US\"},{\"@type\":\"Organization\",\"@id\":\"https:\/\/allalci.com\/en\/#organization\",\"name\":\"All Al\u00e7\u0131\",\"url\":\"https:\/\/allalci.com\/en\/\",\"logo\":{\"@type\":\"ImageObject\",\"inLanguage\":\"en-US\",\"@id\":\"https:\/\/allalci.com\/en\/#\/schema\/logo\/image\/\",\"url\":\"https:\/\/allalci.com\/wp-content\/uploads\/2025\/11\/h501.png\",\"contentUrl\":\"https:\/\/allalci.com\/wp-content\/uploads\/2025\/11\/h501.png\",\"width\":400,\"height\":400,\"caption\":\"All Al\u00e7\u0131\"},\"image\":{\"@id\":\"https:\/\/allalci.com\/en\/#\/schema\/logo\/image\/\"}}]}<\/script>\n<!-- \/ Yoast SEO plugin. -->","yoast_head_json":{"title":"About Us - All Al\u00e7\u0131","description":"\"In 2004, we made a strong entry into the construction materials sector with our first factory established in Batman. Starting with a capacity of 300.000","robots":{"index":"index","follow":"follow","max-snippet":"max-snippet:-1","max-image-preview":"max-image-preview:large","max-video-preview":"max-video-preview:-1"},"canonical":"https:\/\/allalci.com\/en\/about-us\/","og_locale":"en_US","og_type":"article","og_title":"About Us - All Al\u00e7\u0131","og_description":"\"In 2004, we made a strong entry into the construction materials sector with our first factory established in Batman. Starting with a capacity of 300.000","og_url":"https:\/\/allalci.com\/en\/about-us\/","og_site_name":"All Al\u00e7\u0131","article_modified_time":"2026-03-17T08:21:17+00:00","og_image":[{"width":702,"height":707,"url":"https:\/\/allalci.com\/wp-content\/uploads\/2025\/05\/haber-01.png","type":"image\/png"}],"twitter_card":"summary_large_image","twitter_misc":{"Est. reading time":"2 minutes"},"schema":{"@context":"https:\/\/schema.org","@graph":[{"@type":"WebPage","@id":"https:\/\/allalci.com\/en\/about-us\/","url":"https:\/\/allalci.com\/en\/about-us\/","name":"About Us - All Al\u00e7\u0131","isPartOf":{"@id":"https:\/\/allalci.com\/en\/#website"},"primaryImageOfPage":{"@id":"https:\/\/allalci.com\/en\/about-us\/#primaryimage"},"image":{"@id":"https:\/\/allalci.com\/en\/about-us\/#primaryimage"},"thumbnailUrl":"https:\/\/allalci.com\/wp-content\/uploads\/2025\/05\/haber-01.png","datePublished":"2025-05-20T12:57:55+00:00","dateModified":"2026-03-17T08:21:17+00:00","description":"\"In 2004, we made a strong entry into the construction materials sector with our first factory established in Batman. Starting with a capacity of 300.000","breadcrumb":{"@id":"https:\/\/allalci.com\/en\/about-us\/#breadcrumb"},"inLanguage":"en-US","potentialAction":[{"@type":"ReadAction","target":["https:\/\/allalci.com\/en\/about-us\/"]}]},{"@type":"ImageObject","inLanguage":"en-US","@id":"https:\/\/allalci.com\/en\/about-us\/#primaryimage","url":"https:\/\/allalci.com\/wp-content\/uploads\/2025\/05\/haber-01.png","contentUrl":"https:\/\/allalci.com\/wp-content\/uploads\/2025\/05\/haber-01.png","width":702,"height":707},{"@type":"BreadcrumbList","@id":"https:\/\/allalci.com\/en\/about-us\/#breadcrumb","itemListElement":[{"@type":"ListItem","position":1,"name":"Anasayfa","item":"https:\/\/allalci.com\/en\/"},{"@type":"ListItem","position":2,"name":"About Us"}]},{"@type":"WebSite","@id":"https:\/\/allalci.com\/en\/#website","url":"https:\/\/allalci.com\/en\/","name":"All Al\u00e7\u0131","description":"","publisher":{"@id":"https:\/\/allalci.com\/en\/#organization"},"potentialAction":[{"@type":"SearchAction","target":{"@type":"EntryPoint","urlTemplate":"https:\/\/allalci.com\/en\/?s={search_term_string}"},"query-input":{"@type":"PropertyValueSpecification","valueRequired":true,"valueName":"search_term_string"}}],"inLanguage":"en-US"},{"@type":"Organization","@id":"https:\/\/allalci.com\/en\/#organization","name":"All Al\u00e7\u0131","url":"https:\/\/allalci.com\/en\/","logo":{"@type":"ImageObject","inLanguage":"en-US","@id":"https:\/\/allalci.com\/en\/#\/schema\/logo\/image\/","url":"https:\/\/allalci.com\/wp-content\/uploads\/2025\/11\/h501.png","contentUrl":"https:\/\/allalci.com\/wp-content\/uploads\/2025\/11\/h501.png","width":400,"height":400,"caption":"All Al\u00e7\u0131"},"image":{"@id":"https:\/\/allalci.com\/en\/#\/schema\/logo\/image\/"}}]}},"_links":{"self":[{"href":"https:\/\/allalci.com\/en\/wp-json\/wp\/v2\/pages\/6018","targetHints":{"allow":["GET"]}}],"collection":[{"href":"https:\/\/allalci.com\/en\/wp-json\/wp\/v2\/pages"}],"about":[{"href":"https:\/\/allalci.com\/en\/wp-json\/wp\/v2\/types\/page"}],"author":[{"embeddable":true,"href":"https:\/\/allalci.com\/en\/wp-json\/wp\/v2\/users\/1"}],"replies":[{"embeddable":true,"href":"https:\/\/allalci.com\/en\/wp-json\/wp\/v2\/comments?post=6018"}],"version-history":[{"count":3,"href":"https:\/\/allalci.com\/en\/wp-json\/wp\/v2\/pages\/6018\/revisions"}],"predecessor-version":[{"id":6058,"href":"https:\/\/allalci.com\/en\/wp-json\/wp\/v2\/pages\/6018\/revisions\/6058"}],"wp:featuredmedia":[{"embeddable":true,"href":"https:\/\/allalci.com\/en\/wp-json\/wp\/v2\/media\/82"}],"wp:attachment":[{"href":"https:\/\/allalci.com\/en\/wp-json\/wp\/v2\/media?parent=6018"}],"curies":[{"name":"wp","href":"https:\/\/api.w.org\/{rel}","templated":true}]}}